

{"id":195,"date":"2025-02-05T15:15:09","date_gmt":"2025-02-05T15:15:09","guid":{"rendered":"https:\/\/nordicolio.it\/?post_type=product&#038;p=195"},"modified":"2025-02-05T15:15:10","modified_gmt":"2025-02-05T15:15:10","slug":"olio-naturale-30-a-spettro-completo","status":"publish","type":"product","link":"https:\/\/nordicolio.it\/?product=olio-naturale-30-a-spettro-completo","title":{"rendered":"Olio Naturale 30% a Spettro Completo"},"content":{"rendered":"<p>L\u2019Olio Naturale 30% a Spettro Completo \u00e8 progettato per chi cerca un supporto intensivo al proprio benessere. Con una formulazione a spettro completo, \u00e8 ricco di elementi naturali che lavorano in sinergia per favorire un equilibrio quotidiano. L\u2019olio \u00e8 estratto con un metodo a CO2, che preserva le sue qualit\u00e0 naturali, e miscelato con olio MCT di alta qualit\u00e0 per una migliore biodisponibilit\u00e0. Vegano e privo di additivi artificiali, rappresenta una scelta consapevole per uno stile di vita naturale. Facile da usare, basta applicarlo sotto la lingua per un assorbimento ottimale.<\/p>\n","protected":false},"excerpt":{"rendered":"<p>L\u2019Olio Naturale 30% a Spettro Completo \u00e8 progettato per chi cerca un supporto intensivo al proprio benessere. Con una formulazione a spettro completo, \u00e8 ricco di elementi naturali che lavorano in sinergia per favorire un equilibrio quotidiano. L\u2019olio \u00e8 estratto con un metodo a CO2, che preserva le sue qualit\u00e0 naturali, e miscelato con olio [&#8230;]\n","protected":false},"featured_media":163,"comment_status":"open","ping_status":"closed","template":"","meta":[],"product_brand":[18],"product_cat":[15],"product_tag":[],"class_list":{"0":"post-195","1":"product","2":"type-product","3":"status-publish","4":"has-post-thumbnail","6":"product_brand-nordicolio","7":"product_cat-uncategorized","9":"first","10":"instock","11":"sale","12":"shipping-taxable","13":"purchasable","14":"product-type-simple"},"_links":{"self":[{"href":"https:\/\/nordicolio.it\/index.php?rest_route=\/wp\/v2\/product\/195","targetHints":{"allow":["GET"]}}],"collection":[{"href":"https:\/\/nordicolio.it\/index.php?rest_route=\/wp\/v2\/product"}],"about":[{"href":"https:\/\/nordicolio.it\/index.php?rest_route=\/wp\/v2\/types\/product"}],"replies":[{"embeddable":true,"href":"https:\/\/nordicolio.it\/index.php?rest_route=%2Fwp%2Fv2%2Fcomments&post=195"}],"wp:featuredmedia":[{"embeddable":true,"href":"https:\/\/nordicolio.it\/index.php?rest_route=\/wp\/v2\/media\/163"}],"wp:attachment":[{"href":"https:\/\/nordicolio.it\/index.php?rest_route=%2Fwp%2Fv2%2Fmedia&parent=195"}],"wp:term":[{"taxonomy":"product_brand","embeddable":true,"href":"https:\/\/nordicolio.it\/index.php?rest_route=%2Fwp%2Fv2%2Fproduct_brand&post=195"},{"taxonomy":"product_cat","embeddable":true,"href":"https:\/\/nordicolio.it\/index.php?rest_route=%2Fwp%2Fv2%2Fproduct_cat&post=195"},{"taxonomy":"product_tag","embeddable":true,"href":"https:\/\/nordicolio.it\/index.php?rest_route=%2Fwp%2Fv2%2Fproduct_tag&post=195"}],"curies":[{"name":"wp","href":"https:\/\/api.w.org\/{rel}","templated":true}]}}